{"id":9,"date":"2022-08-05T13:16:48","date_gmt":"2022-08-05T11:16:48","guid":{"rendered":"http:\/\/hcjchof.cluster030.hosting.ovh.net\/?page_id=9"},"modified":"2024-04-09T15:17:01","modified_gmt":"2024-04-09T13:17:01","slug":"chi-siamo","status":"publish","type":"page","link":"https:\/\/simarsrl.com\/index.php\/chi-siamo\/","title":{"rendered":"Chi siamo"},"content":{"rendered":"<div class=\"wp-block-image\">\n<figure class=\"aligncenter size-full is-resized\"><img loading=\"lazy\" decoding=\"async\" width=\"1024\" height=\"576\" src=\"https:\/\/hcjchof.cluster030.hosting.ovh.net\/wp-content\/uploads\/2024\/04\/ispark-easyspark-oes-overview.jpg\" alt=\"\" class=\"wp-image-166\" style=\"width:498px;height:auto\" srcset=\"https:\/\/simarsrl.com\/wp-content\/uploads\/2024\/04\/ispark-easyspark-oes-overview.jpg 1024w, https:\/\/simarsrl.com\/wp-content\/uploads\/2024\/04\/ispark-easyspark-oes-overview-300x169.jpg 300w, https:\/\/simarsrl.com\/wp-content\/uploads\/2024\/04\/ispark-easyspark-oes-overview-768x432.jpg 768w\" sizes=\"auto, (max-width: 1024px) 100vw, 1024px\" \/><\/figure>\n<\/div>\n\n\n<p>Nel 1988 un gruppo di specialisti, provenienti da Societ\u00e0 che gi\u00e0 operavano nel settore della Strumentazione Analitica in qualit\u00e0 di Tecnici addetti all\u2019Assistenza Tecnica presso Cliente, hanno valutato di riunire le loro diverse esperienze professionali costituendosi in una societ\u00e0 di servizi denominata Simar Analytical.<\/p>\n\n\n\n<p>L\u2019obbiettivo della Simar Analytical \u00e8 quello di fornire un\u2019affidabile e qualificata assistenza tecnica ai molteplici utilizzatori di Spettrometri ad Emissione Ottica, OES, Quantometri, Spettrometri a Fluorescenza di Raggi X, WDXRF e EDXRF prodotti dalla ben nota casa Svizzera A.R.L. ( Applied Research Laboratories ), ora parte integrante del gruppo Thermo Electron.<\/p>\n\n\n\n<p>Con il bagaglio di esperienza accumulato nel corso di questi anni attraverso un costante e diretto rapporto con gli utilizzatori, la nostra Societ\u00e0 si \u00e8 gradualmente espansa sino a diventare un Team composto da 20 persone e oggi pu\u00f2 vantare una profonda conoscenza nella gestione delle attivit\u00e0 di Assistenza Tecnica presso Cliente, ad iniziare dall\u2019installazione delle apparecchiature, alla loro riparazione e manutenzione, alle verifiche analitiche, sino agli aggiornamenti dell\u2019hardware e del software.<\/p>\n\n\n\n<p>Inoltre, per poter soddisfare le esigenze qualitative che questo tipo di Strumentazione Analitica impone, abbiamo stipulato degli accordi commerciali per la vendita in Italia di Campioni Standards Certificati, CRM, ECRM forniti da produttori quali: MBH, Alcan, Hydro, BAS, CKD, Brammer e Dillinger, fondamentali per il controllo delle prestazioni strumentali e per l\u2019attestazione di buon funzionamento, G.L.P.<\/p>\n\n\n\n<p>Pi\u00f9 recentemente la Simar Analytical, ha stipulato con la Thermo Fisher Scientific, anche un contratto di Agenzia, valido per l\u2019intero territorio Nazionale, inerente la Vendita di strumentazione analitica quale Spettrometri ad Emissione Ottica, Quantometri, Spettrometri a Fluorescenza a Raggi X, Diffrattometri ed Analizzatori a Dispersione di Energia, EDS.<\/p>\n\n\n\n<p>I nostri uffici tecnici e logistici sono locati alle porte di Padova dove vengono gestite tutte le richieste di assistenza tecnica, la vendita delle parti di ricambio, la vendita di campioni standards e la vendita degli strumenti nuovi o di seconda mano; mentre il nostro Team di Tecnici e Venditori \u00e8 distribuito sul territorio Nazionale.<\/p>\n\n\n\n<p>Disponiamo inoltre di un Laboratorio e magazzino nei pressi di Milano, dove vengono effettuate le attivit\u00e0 di riparazione di parti elettroniche e meccaniche di queste apparecchiature analitiche, nonch\u00e9 la rimessa in stato commerciale della strumentazione usata ritirata dai i nostri Clienti.<\/p>\n\n\n\n<div class=\"wp-block-group\"><div class=\"wp-block-group__inner-container is-layout-constrained wp-block-group-is-layout-constrained\">\n<div class=\"wp-block-columns is-layout-flex wp-container-core-columns-is-layout-9d6595d7 wp-block-columns-is-layout-flex\">\n<div class=\"wp-block-column is-layout-flow wp-block-column-is-layout-flow\"><div class=\"wp-block-image\">\n<figure class=\"alignright size-full is-resized\"><img loading=\"lazy\" decoding=\"async\" width=\"354\" height=\"199\" src=\"https:\/\/hcjchof.cluster030.hosting.ovh.net\/wp-content\/uploads\/2024\/04\/Immagine1.jpg\" alt=\"\" class=\"wp-image-167\" style=\"width:307px;height:auto\" srcset=\"https:\/\/simarsrl.com\/wp-content\/uploads\/2024\/04\/Immagine1.jpg 354w, https:\/\/simarsrl.com\/wp-content\/uploads\/2024\/04\/Immagine1-300x169.jpg 300w\" sizes=\"auto, (max-width: 354px) 100vw, 354px\" \/><\/figure>\n<\/div>\n\n\n<div class=\"wp-block-group\"><div class=\"wp-block-group__inner-container is-layout-constrained wp-block-group-is-layout-constrained\">\n<p>La Simar Analytical \u00e8 partner commerciale della<\/p>\n\n\n\n<figure class=\"wp-block-image is-resized\"><a href=\"https:\/\/www.thermofisher.com\/it\/en\/home.html\" target=\"_blank\" rel=\"noreferrer noopener\"><img loading=\"lazy\" decoding=\"async\" width=\"182\" height=\"39\" src=\"http:\/\/hcjchof.cluster030.hosting.ovh.net\/wp-content\/uploads\/2022\/08\/Thermo-logo-color.png\" alt=\"thermo Fisher Scientific\" class=\"wp-image-61\" style=\"width:121px;height:auto\"\/><\/a><\/figure>\n<\/div><\/div>\n\n\n\n<figure class=\"wp-block-image size-full is-resized\"><img loading=\"lazy\" decoding=\"async\" width=\"485\" height=\"273\" src=\"https:\/\/hcjchof.cluster030.hosting.ovh.net\/wp-content\/uploads\/2024\/04\/Immagine2.jpg\" alt=\"\" class=\"wp-image-168\" style=\"width:169px;height:auto\" srcset=\"https:\/\/simarsrl.com\/wp-content\/uploads\/2024\/04\/Immagine2.jpg 485w, https:\/\/simarsrl.com\/wp-content\/uploads\/2024\/04\/Immagine2-300x169.jpg 300w\" sizes=\"auto, (max-width: 485px) 100vw, 485px\" \/><\/figure>\n<\/div>\n<\/div>\n<\/div><\/div>\n","protected":false},"excerpt":{"rendered":"<p>Nel 1988 un gruppo di specialisti, provenienti da Societ\u00e0 che gi\u00e0 operavano nel settore della Strumentazione Analitica in qualit\u00e0 di Tecnici addetti all\u2019Assistenza Tecnica presso Cliente, hanno valutato di riunire le loro diverse esperienze professionali costituendosi in una societ\u00e0 di servizi denominata Simar Analytical. L\u2019obbiettivo della Simar Analytical \u00e8 quello di fornire un\u2019affidabile e qualificata &hellip; <a href=\"https:\/\/simarsrl.com\/index.php\/chi-siamo\/\" class=\"more-link\">Continua la lettura di <span class=\"screen-reader-text\">Chi siamo<\/span> <span class=\"meta-nav\">&rarr;<\/span><\/a><\/p>\n","protected":false},"author":1,"featured_media":0,"parent":0,"menu_order":0,"comment_status":"closed","ping_status":"closed","template":"","meta":{"footnotes":""},"class_list":["post-9","page","type-page","status-publish","hentry"],"_links":{"self":[{"href":"https:\/\/simarsrl.com\/index.php\/wp-json\/wp\/v2\/pages\/9","targetHints":{"allow":["GET"]}}],"collection":[{"href":"https:\/\/simarsrl.com\/index.php\/wp-json\/wp\/v2\/pages"}],"about":[{"href":"https:\/\/simarsrl.com\/index.php\/wp-json\/wp\/v2\/types\/page"}],"author":[{"embeddable":true,"href":"https:\/\/simarsrl.com\/index.php\/wp-json\/wp\/v2\/users\/1"}],"replies":[{"embeddable":true,"href":"https:\/\/simarsrl.com\/index.php\/wp-json\/wp\/v2\/comments?post=9"}],"version-history":[{"count":10,"href":"https:\/\/simarsrl.com\/index.php\/wp-json\/wp\/v2\/pages\/9\/revisions"}],"predecessor-version":[{"id":182,"href":"https:\/\/simarsrl.com\/index.php\/wp-json\/wp\/v2\/pages\/9\/revisions\/182"}],"wp:attachment":[{"href":"https:\/\/simarsrl.com\/index.php\/wp-json\/wp\/v2\/media?parent=9"}],"curies":[{"name":"wp","href":"https:\/\/api.w.org\/{rel}","templated":true}]}}