{"id":55,"date":"2022-08-30T10:44:39","date_gmt":"2022-08-30T08:44:39","guid":{"rendered":"http:\/\/hcjchof.cluster030.hosting.ovh.net\/?page_id=55"},"modified":"2024-04-09T13:50:21","modified_gmt":"2024-04-09T11:50:21","slug":"strumenti","status":"publish","type":"page","link":"https:\/\/simarsrl.com\/index.php\/strumenti\/","title":{"rendered":"Strumenti"},"content":{"rendered":"\n<p><strong>C<strong>ome scegliere lo strumento di analisi pi\u00f9 adatto<\/strong>?<\/strong><br>Le esigenze sempre crescenti e rapidamente mutevoli che molti laboratori di analisi devono fronteggiare rendono ancora pi\u00f9 impegnative le decisioni di investimento in nuova strumentazione. Le prestazioni analitiche saranno sempre il fattore chiave, ma altrettanto importanti sono altre considerazioni di budget nella scelta dello strumento che meglio soddisfa le Vostre esigenze.<\/p>\n\n\n\n<p><strong>La famiglia di strumenti della Thermo&nbsp;<\/strong><strong>Fisher Scientific<\/strong><br>Thermo Fisher Scientific \u00e8 l\u2019unico fornitore a offrire strumenti per l\u2019analisi inorganica degli elementi a tutti i livelli di concentrazioni, comprendendo la spettrometria ad assorbimento atomico (AAS), la spettrometria ad emissione ottica al plasma ottenuto per accoppiamento induttivo (ICP-OES), la spettrometria di massa ICP (ICP-MS), la spettrometria ad emissione ottica (OES) e la spettrometria a fluorescenza di raggi-X (XRF). Vi sono infine gli analizzatori elementari (EA) per la misura di carbonio, zolfo, azoto e alogeni organici.<\/p>\n\n\n\n<figure class=\"wp-block-image size-large\"><img loading=\"lazy\" decoding=\"async\" width=\"1024\" height=\"576\" src=\"https:\/\/hcjchof.cluster030.hosting.ovh.net\/wp-content\/uploads\/2024\/04\/ARL-ISpark-OES-1024x576.jpeg\" alt=\"\" class=\"wp-image-148\" srcset=\"https:\/\/simarsrl.com\/wp-content\/uploads\/2024\/04\/ARL-ISpark-OES-1024x576.jpeg 1024w, https:\/\/simarsrl.com\/wp-content\/uploads\/2024\/04\/ARL-ISpark-OES-300x169.jpeg 300w, https:\/\/simarsrl.com\/wp-content\/uploads\/2024\/04\/ARL-ISpark-OES-768x432.jpeg 768w, https:\/\/simarsrl.com\/wp-content\/uploads\/2024\/04\/ARL-ISpark-OES.jpeg 1280w\" sizes=\"auto, (max-width: 1024px) 100vw, 1024px\" \/><\/figure>\n\n\n\n<p class=\"has-text-align-left\"><strong><a href=\"http:\/\/hcjchof.cluster030.hosting.ovh.net\/wp-content\/uploads\/2024\/04\/OES.pdf\" data-type=\"attachment\" data-id=\"176\" target=\"_blank\" rel=\"noreferrer noopener\">Spettrometri ad Emissione Ottica (OES) <\/a>&#8211; Tecnologia PMT<\/strong><\/p>\n\n\n\n<p>La spettroscopia ad&nbsp;<strong>Emissione Ottica<\/strong>&nbsp;continua ad essere la tecnica di riferimento per l\u2019analisi diretta di campioni solidi metallici.<\/p>\n\n\n\n<p>L\u2019incomparabile combinazione di accuratezza, elevata velocit\u00e0, precisione, stabilit\u00e0 ed affidabilit\u00e0 ne hanno fatto lo strumento indispensabile per la fabbricazione di prodotti metallurgici di qualit\u00e0.<\/p>\n\n\n\n<p>L\u2019analisi rapida simultanea fino a sessanta elementi soddisfa le esigenze di molte realt\u00e0 dell\u2019industria dei metalli, dal controllo di produzione alla ricerca e Sviluppo (R&amp;D) o dall\u2019ispezione di materiali in ingresso alla cernita di rottami. Applicazioni tipiche riguardano la determinazione del contenuto metallurgico di acciai e ghise, alluminio, rame, nichel, zinco, piombo e molti altri metalli e leghe.<\/p>\n\n\n<div class=\"wp-block-image\">\n<figure class=\"aligncenter size-full\"><img loading=\"lazy\" decoding=\"async\" width=\"442\" height=\"204\" src=\"https:\/\/hcjchof.cluster030.hosting.ovh.net\/wp-content\/uploads\/2024\/04\/Spettrometri.jpg\" alt=\"\" class=\"wp-image-147\" srcset=\"https:\/\/simarsrl.com\/wp-content\/uploads\/2024\/04\/Spettrometri.jpg 442w, https:\/\/simarsrl.com\/wp-content\/uploads\/2024\/04\/Spettrometri-300x138.jpg 300w\" sizes=\"auto, (max-width: 442px) 100vw, 442px\" \/><\/figure>\n<\/div>\n\n\n<p>La tecnica dell\u2019<strong>Emissione Ottica<\/strong>&nbsp;utilizza una scarica ad alta energia creata nello spazio riempito di gas compreso tra un elettrodo ed un campione del materiale da analizzare. La scarica d\u00e0 luogo ad un\u2019emissione di radiazione dalla superficie del campione eccitato con lunghezze d\u2019onda caratteristiche della composizione elementare.<br><br>Lo spettro della radiazione viene separato in righe elementari distinte e l\u2019intensit\u00e0 di ciascuna riga viene misurata. Alla fine, queste intensit\u00e0 vengono convertite accuratamente in valori di concentrazione per ciascun elemento presente.<\/p>\n\n\n\n<p class=\"has-text-align-left\"><strong><a href=\"http:\/\/hcjchof.cluster030.hosting.ovh.net\/wp-content\/uploads\/2024\/04\/XRF.pdf\" data-type=\"attachment\" data-id=\"175\" target=\"_blank\" rel=\"noreferrer noopener\">X Ray Fluorescenza (XRF)<\/a><\/strong><\/p>\n\n\n\n<p>Oggi, la tecnologia di fluorescenza a raggi X (XRF) \u00e8 ben nota per fornire un&#8217;analisi elementare accurata e non distruttiva. Utilizzando XRF, i ricercatori possono ottenere una rapida caratterizzazione e analisi dei materiali per garantire che le specifiche chimiche dei prodotti siano soddisfatte e i nostri strumenti XRF forniscono i risultati rapidi e affidabili di cui hanno bisogno. La nostra famiglia di spettrometri termoscientifici ARL XRF, strumenti di automazione, software di analisi elementare e analizzatori XRF portatili sono utilizzati da scienziati in una vasta gamma di settori, tra cui metalli e leghe, cemento, estrazione mineraria, petrolio, polimeri, energia, ambiente e altro ancora.&nbsp;<\/p>\n\n\n\n<p><strong>Spettrometri a Fluorescenza X &#8211; Tecnologia WDXRF<\/strong><\/p>\n\n\n\n<p>La tecnica XRF (<strong>Fluorescenza a Raggi X<\/strong>) permette l\u2019analisi elementare non distruttiva di un\u2019ampia gamma di materiali con un elevato livello di precisione specialmente ad alte concentrazioni. I punti di forza di un\u2019analisi di questo tipo sono la facilit\u00e0 di preparazione del campione e la possibilit\u00e0 di analizzare sia materiali conduttivi (metalli) ed anche materiali non conduttivi (ossidi, vetro, ceramica, plastica, cemento etc.), nonch\u00e9 l\u2019analisi di liquidi, (olio, acqua, idrocarburi, etc.).<\/p>\n\n\n\n<p>Questa tecnica di analisi pu\u00f2 essere impiegata sia nei controlli di processo che nella ricerca, con un grado di precisione entro limiti dello 0,1% relativo, e con limiti di rilevabilit\u00e0 nell\u2019ordine di parti per milione. La tecnica XRF \u00e8 ampiamente usata anche nel settore siderurgico in combinazione con la tecnica OE (Emissione Ottica). Questa combinazione di possibilit\u00e0 permette una rapida ed accurata analisi sia dei metalli che degli ossidi associati ad essi, come i minerali da cui derivano.<\/p>\n\n\n\n<p><strong>Gli Spettrometri XRF<\/strong>&nbsp;operano attraverso l\u2019irradiazione di un fascio di fotoni X ad alta energia, che eccitano gli elettroni presenti nelle orbite interne agli atomi degli elementi che compongono il campione da analizzare. Le lunghezze d\u2019onda caratteristiche emesse sono separate attraverso un sistema di cristalli e rivelatori, l\u2019intensit\u00e0 dei singoli elementi viene memorizzata ed elaborata da un calcolatore, che fornisce dei risultati in concentrazione degli elementi presenti nel campione analizzato, facendo riferimento a curve di calibrazione costruite con standard internazionali.<\/p>\n\n\n\n<p class=\"has-text-align-left\"><strong><a href=\"http:\/\/hcjchof.cluster030.hosting.ovh.net\/wp-content\/uploads\/2024\/04\/XRD.pdf\" data-type=\"attachment\" data-id=\"174\" target=\"_blank\" rel=\"noreferrer noopener\">X Ray Difrattrometro (XRD)<\/a><\/strong><\/p>\n\n\n\n<p>Soddisfare la domanda di analisi chimiche ad alta precisione<\/p>\n\n\n\n<p>La diffrazione a raggi X (XRD) \u00e8 una tecnica analitica versatile e non distruttiva sensibile alla struttura atomica della materia. XRD consente l&#8217;identificazione di fase, la quantificazione e molte altre applicazioni utilizzate per una vasta gamma di applicazioni industriali e di ricerca.<\/p>\n\n\n\n<p>&nbsp;I diffrattometri a raggi X Thermo Scientific ARL sono progettati per soddisfare i severi requisiti di analisi strutturale e di fase degli attuali laboratori industriali e di ricerca, offrendo una soluzione economica per il controllo della qualit\u00e0, gli studi dinamici, le determinazioni di formulazione, e ricerca e sviluppo. Questi strumenti sono abitualmente utilizzati da una vasta gamma di applicazioni, tra cui geologia, polimeri, prodotti farmaceutici, polimeri, acciaio, nanomateriali, semiconduttori, forensi e altro ancora.<\/p>\n\n\n\n<p>Video, brochure e altre informazioni utili per aiutarti ad ampliare le tue conoscenze sono disponibili, ti chiediamo di inviarci un email per informazioni.<\/p>\n\n\n\n<p><strong>La nostra tecnologia:<\/strong><\/p>\n\n\n\n<ul class=\"wp-block-list\">\n<li>Ampia gamma diffrazione di raggi X<\/li>\n\n\n\n<li>Rilevazione dato analitico in tempo reale con il rivelatore PSD<\/li>\n\n\n\n<li>Acquisizione dei dati simultaneamente da 0 a 120 \u00b0 \/ 2\u03b8<\/li>\n\n\n\n<li>Alta risoluzione da 0,05 \u00b0 \/ 2\u03b8<\/li>\n\n\n\n<li>Minimo tempo di acquisizione da 0 a 120 \u00b0 \/ 2\u03b8 = 1 sec<\/li>\n\n\n\n<li>Goniometro multi-asse con il rilevamento dati in tempo reale<\/li>\n\n\n\n<li>Micro diffrazione fino a 10 micron<\/li>\n\n\n\n<li>Ottica monocromatica<\/li>\n\n\n\n<li>Software di routine avanzato per l\u2019elaborazione dei dati<\/li>\n\n\n\n<li>Camere d\u2019analisi in atmosfera e\/o temperatura controllata<\/li>\n\n\n\n<li>Accessori di supporto al campione<\/li>\n<\/ul>\n\n\n\n<p><strong>Ideale per tutte le applicazioni<\/strong>:<\/p>\n\n\n\n<ul class=\"wp-block-list\">\n<li>Controllo di processo e qualit\u00e0 nei cementifici, nei metalli e nelle industrie minerarie<\/li>\n\n\n\n<li>Ricerca nei settori dei nanomateriali, microelettronica, metallurgia e materiali avanzati&nbsp;Industria farmaceutica e cosmetica (ricerca e controllo qualit\u00e0)<\/li>\n\n\n\n<li>Geologia e Miniere<\/li>\n\n\n\n<li>Istituti universitari e di ricerca<\/li>\n\n\n\n<li>Industria chimica<\/li>\n<\/ul>\n\n\n\n<p><strong>La nostra gamma:<\/strong><\/p>\n\n\n\n<ul class=\"wp-block-list\">\n<li><strong>EQUINOX 100<\/strong>&nbsp;&nbsp;&nbsp;&nbsp;&nbsp;&nbsp;&nbsp;&nbsp;&nbsp;&nbsp; &nbsp;&nbsp;&nbsp;&nbsp;     diffrattometro stand alone da banco<\/li>\n\n\n\n<li><strong>EQUINOX 1000<\/strong>&nbsp;&nbsp;&nbsp;&nbsp;&nbsp;&nbsp;&nbsp;&nbsp; &nbsp;&nbsp;&nbsp;&nbsp;    diffrattometro da banco<\/li>\n\n\n\n<li><strong>EQUINOX 3000\/3500&nbsp;<\/strong>  diffrattometro da ricerca e ad alta risoluzione per polveri<\/li>\n\n\n\n<li><strong>EQUINOX 5000\/5500&nbsp;&nbsp;&nbsp;<\/strong>diffrattometro da ricerca versatile e 2 assi ad altissima risoluzione<\/li>\n\n\n\n<li><strong>EQUINOX 6000&nbsp;&nbsp; &nbsp; &nbsp; &nbsp;&nbsp; &nbsp; &nbsp;<\/strong>&nbsp;   diffrattometro a 4 assi per analisi di struttura e stress residuo<\/li>\n<\/ul>\n","protected":false},"excerpt":{"rendered":"<p>Come scegliere lo strumento di analisi pi\u00f9 adatto?Le esigenze sempre crescenti e rapidamente mutevoli che molti laboratori di analisi devono fronteggiare rendono ancora pi\u00f9 impegnative le decisioni di investimento in nuova strumentazione. Le prestazioni analitiche saranno sempre il fattore chiave, ma altrettanto importanti sono altre considerazioni di budget nella scelta dello strumento che meglio soddisfa &hellip; <a href=\"https:\/\/simarsrl.com\/index.php\/strumenti\/\" class=\"more-link\">Continua la lettura di <span class=\"screen-reader-text\">Strumenti<\/span> <span class=\"meta-nav\">&rarr;<\/span><\/a><\/p>\n","protected":false},"author":1,"featured_media":0,"parent":0,"menu_order":0,"comment_status":"closed","ping_status":"closed","template":"","meta":{"footnotes":""},"class_list":["post-55","page","type-page","status-publish","hentry"],"_links":{"self":[{"href":"https:\/\/simarsrl.com\/index.php\/wp-json\/wp\/v2\/pages\/55","targetHints":{"allow":["GET"]}}],"collection":[{"href":"https:\/\/simarsrl.com\/index.php\/wp-json\/wp\/v2\/pages"}],"about":[{"href":"https:\/\/simarsrl.com\/index.php\/wp-json\/wp\/v2\/types\/page"}],"author":[{"embeddable":true,"href":"https:\/\/simarsrl.com\/index.php\/wp-json\/wp\/v2\/users\/1"}],"replies":[{"embeddable":true,"href":"https:\/\/simarsrl.com\/index.php\/wp-json\/wp\/v2\/comments?post=55"}],"version-history":[{"count":5,"href":"https:\/\/simarsrl.com\/index.php\/wp-json\/wp\/v2\/pages\/55\/revisions"}],"predecessor-version":[{"id":178,"href":"https:\/\/simarsrl.com\/index.php\/wp-json\/wp\/v2\/pages\/55\/revisions\/178"}],"wp:attachment":[{"href":"https:\/\/simarsrl.com\/index.php\/wp-json\/wp\/v2\/media?parent=55"}],"curies":[{"name":"wp","href":"https:\/\/api.w.org\/{rel}","templated":true}]}}