{"id":258,"date":"2024-05-16T13:59:20","date_gmt":"2024-05-16T11:59:20","guid":{"rendered":"http:\/\/hcjchof.cluster030.hosting.ovh.net\/?page_id=258"},"modified":"2024-05-16T13:59:20","modified_gmt":"2024-05-16T11:59:20","slug":"arl-sms","status":"publish","type":"page","link":"https:\/\/simarsrl.com\/index.php\/arl-sms\/","title":{"rendered":"ARL SMS"},"content":{"rendered":"<div class=\"wp-block-image\">\n<figure class=\"aligncenter size-full\"><img loading=\"lazy\" decoding=\"async\" width=\"643\" height=\"464\" src=\"http:\/\/hcjchof.cluster030.hosting.ovh.net\/wp-content\/uploads\/2024\/05\/ARL-SMS_Immagine1.jpg\" alt=\"\" class=\"wp-image-259\" srcset=\"https:\/\/simarsrl.com\/wp-content\/uploads\/2024\/05\/ARL-SMS_Immagine1.jpg 643w, https:\/\/simarsrl.com\/wp-content\/uploads\/2024\/05\/ARL-SMS_Immagine1-300x216.jpg 300w\" sizes=\"auto, (max-width: 643px) 100vw, 643px\" \/><\/figure>\n<\/div>\n\n\n<h3 class=\"wp-block-heading\"><a href=\"http:\/\/hcjchof.cluster030.hosting.ovh.net\/wp-content\/uploads\/2024\/05\/TFS-Assets_MSD_brochures_AU-BR41402-arl-sms-3500-entry-automation-system.pdf\" target=\"_blank\" rel=\"noreferrer noopener\">ARL\u2122 SMS-3500 Automation for Twin OES or XRF<\/a><\/h3>\n\n\n\n<p><br><br><p class=\"MsoNormal\"><span style=\"font-size:13.5pt;line-height:115%;font-family:\n&quot;&amp;quot&quot;,serif\">Ottimizza l&#8217;efficienza dei laboratori di controllo dei processi nelle industrie metallurgiche e minerarie con Thermo Scientific, ARL, SMS-3500 Automation per Twin OES o XRF, una soluzione completa per l&#8217;automazione del flusso di lavoro in laboratorio. I laboratori dei produttori dei metalli primari fanno funzionare tipicamente due linee completamente duplicate e separate di spettrometria per assicurare i tempi di risposta rapidi quando parecchi campioni urgenti devono essere trattati allo stesso tempo. Il sistema ARL SMS-3500 \u00e8 un&#8217;alternativa conveniente. L&#8217;automazione di pi\u00f9 spettrometri e macchine di preparazione con il sistema ARL SMS-3500 offre costi di analisi del campione ridotti, maggiore produttivit\u00e0 del campione, migliore riproducibilit\u00e0 e risultati di qualit\u00e0 superiore per gli utenti che necessitano di soluzioni di automazione pi\u00f9 complete e integrate nelle industrie metallurgiche e minerarie.<\/span><\/p><br><br><\/p>\n\n\n\n<figure class=\"wp-block-gallery has-nested-images columns-default is-cropped wp-block-gallery-1 is-layout-flex wp-block-gallery-is-layout-flex\">\n<figure class=\"wp-block-image size-large\"><img loading=\"lazy\" decoding=\"async\" width=\"650\" height=\"433\" data-id=\"261\" src=\"http:\/\/hcjchof.cluster030.hosting.ovh.net\/wp-content\/uploads\/2024\/05\/ARL_SMS-3500_3.jpg-650.jpg\" alt=\"\" class=\"wp-image-261\" srcset=\"https:\/\/simarsrl.com\/wp-content\/uploads\/2024\/05\/ARL_SMS-3500_3.jpg-650.jpg 650w, https:\/\/simarsrl.com\/wp-content\/uploads\/2024\/05\/ARL_SMS-3500_3.jpg-650-300x200.jpg 300w\" sizes=\"auto, (max-width: 650px) 100vw, 650px\" \/><\/figure>\n\n\n\n<figure class=\"wp-block-image size-large\"><img loading=\"lazy\" decoding=\"async\" width=\"1024\" height=\"489\" data-id=\"260\" src=\"http:\/\/hcjchof.cluster030.hosting.ovh.net\/wp-content\/uploads\/2024\/05\/sms-2024-05-10-123241-1024x489.jpg\" alt=\"\" class=\"wp-image-260\" srcset=\"https:\/\/simarsrl.com\/wp-content\/uploads\/2024\/05\/sms-2024-05-10-123241-1024x489.jpg 1024w, https:\/\/simarsrl.com\/wp-content\/uploads\/2024\/05\/sms-2024-05-10-123241-300x143.jpg 300w, https:\/\/simarsrl.com\/wp-content\/uploads\/2024\/05\/sms-2024-05-10-123241-768x366.jpg 768w, https:\/\/simarsrl.com\/wp-content\/uploads\/2024\/05\/sms-2024-05-10-123241.jpg 1178w\" sizes=\"auto, (max-width: 1024px) 100vw, 1024px\" \/><\/figure>\n<\/figure>\n","protected":false},"excerpt":{"rendered":"<p>ARL\u2122 SMS-3500 Automation for Twin OES or XRF Ottimizza l&#8217;efficienza dei laboratori di controllo dei processi nelle industrie metallurgiche e minerarie con Thermo Scientific, ARL, SMS-3500 Automation per Twin OES o XRF, una soluzione completa per l&#8217;automazione del flusso di lavoro in laboratorio. I laboratori dei produttori dei metalli primari fanno funzionare tipicamente due linee &hellip; <a href=\"https:\/\/simarsrl.com\/index.php\/arl-sms\/\" class=\"more-link\">Continua la lettura di <span class=\"screen-reader-text\">ARL SMS<\/span> <span class=\"meta-nav\">&rarr;<\/span><\/a><\/p>\n","protected":false},"author":1,"featured_media":0,"parent":0,"menu_order":0,"comment_status":"closed","ping_status":"closed","template":"","meta":{"footnotes":""},"class_list":["post-258","page","type-page","status-publish","hentry"],"_links":{"self":[{"href":"https:\/\/simarsrl.com\/index.php\/wp-json\/wp\/v2\/pages\/258","targetHints":{"allow":["GET"]}}],"collection":[{"href":"https:\/\/simarsrl.com\/index.php\/wp-json\/wp\/v2\/pages"}],"about":[{"href":"https:\/\/simarsrl.com\/index.php\/wp-json\/wp\/v2\/types\/page"}],"author":[{"embeddable":true,"href":"https:\/\/simarsrl.com\/index.php\/wp-json\/wp\/v2\/users\/1"}],"replies":[{"embeddable":true,"href":"https:\/\/simarsrl.com\/index.php\/wp-json\/wp\/v2\/comments?post=258"}],"version-history":[{"count":1,"href":"https:\/\/simarsrl.com\/index.php\/wp-json\/wp\/v2\/pages\/258\/revisions"}],"predecessor-version":[{"id":262,"href":"https:\/\/simarsrl.com\/index.php\/wp-json\/wp\/v2\/pages\/258\/revisions\/262"}],"wp:attachment":[{"href":"https:\/\/simarsrl.com\/index.php\/wp-json\/wp\/v2\/media?parent=258"}],"curies":[{"name":"wp","href":"https:\/\/api.w.org\/{rel}","templated":true}]}}