{"id":121,"date":"2023-07-10T14:12:22","date_gmt":"2023-07-10T12:12:22","guid":{"rendered":"http:\/\/hcjchof.cluster030.hosting.ovh.net\/?page_id=121"},"modified":"2024-05-10T16:40:18","modified_gmt":"2024-05-10T14:40:18","slug":"simar-analytical-srl","status":"publish","type":"page","link":"https:\/\/simarsrl.com\/","title":{"rendered":"SIMAR  ANALYTICAL srl"},"content":{"rendered":"\n<script type=\"text\/javascript\">\r\ndocument.addEventListener(\"DOMContentLoaded\", function(event) { \r\n\tjQuery( '#slider-pro-3-188' ).sliderPro({\r\n\t\t\/\/width\r\n\t\t\t\twidth: \"100%\",\r\n\t\t\t\t\r\n\t\t\/\/height\r\n\t\t\t\tautoHeight: true,\r\n\t\t\t\t\r\n\t\t\/\/auto play\r\n\t\t\t\t\t\tautoplay: true,\r\n\t\tautoplayOnHover: 'pause',\r\n\t\t\t\t\t\tautoplayDelay: 5000,\r\n\t\t\r\n\t\t\r\n\t\tarrows: false,\r\n\t\tbuttons: false,\r\n\t\tsmallSize: 500,\r\n\t\tmediumSize: 1000,\r\n\t\tlargeSize: 3000,\r\n\t\tfade: true,\r\n\t\t\r\n\t\t\/\/thumbnail\r\n\t\tthumbnailArrows: true,\r\n\t\tthumbnailWidth: 120,\r\n\t\tthumbnailHeight: 120,\r\n\t\t\t\t\t\tthumbnailsPosition: 'bottom',\r\n\t\t\t\t\t\tcenterImage: true,\r\n\t\timageScaleMode: 'none',\r\n\t\tallowScaleUp: false,\r\n\t\t\t\tstartSlide: 0,\r\n\t\tloop: true,\r\n\t\tslideDistance: 5,\r\n\t\tautoplayDirection: 'normal',\r\n\t\ttouchSwipe: true,\r\n\t\tfullScreen: false,\r\n\t});\r\n});\r\n<\/script>\r\n\r\n\t\t<div id=\"slider-pro-3-188\" class=\"slider-pro\">\r\n\t\t\t<!---- slides div start ---->\r\n\t\t\t<div class=\"sp-slides\">\r\n\t\t\t\t\t\t\t\t\t\t<div class=\"sp-slide\">\r\n\t\t\t\t\t\t\t<img decoding=\"async\" class=\"sp-image\" loading=\"lazy\" alt=\"ThermoFisher 90 years\" src=\"https:\/\/simarsrl.com\/wp-content\/plugins\/ultimate-responsive-image-slider\/assets\/css\/images\/blank.gif\" data-src=\"https:\/\/simarsrl.com\/wp-content\/uploads\/2024\/05\/eSig-ARL-90-year-EN.png\" \/>\r\n\r\n\t\t\t\t\t\t\t\r\n\t\t\t\t\t\t\t\t\t\t\t\t\t<\/div>\r\n\t\t\t\t\t\t\t\t\t\t\t\t<div class=\"sp-slide\">\r\n\t\t\t\t\t\t\t<img decoding=\"async\" class=\"sp-image\" loading=\"lazy\" alt=\"ThermoFisher 90 years\" src=\"https:\/\/simarsrl.com\/wp-content\/plugins\/ultimate-responsive-image-slider\/assets\/css\/images\/blank.gif\" data-src=\"https:\/\/simarsrl.com\/wp-content\/uploads\/2024\/05\/eSig-ARL-90-year-EN.png\" \/>\r\n\r\n\t\t\t\t\t\t\t\r\n\t\t\t\t\t\t\t\t\t\t\t\t\t<\/div>\r\n\t\t\t\t\t\t\t\t\t<\/div>\r\n\t\t\t\r\n\t\t\t<!---- slides div end ---->\r\n\t\t\t\t\t\t<!-- slides thumbnails div end -->\r\n\t\t<\/div>\r\n\t\t<style>\r\n\/* Layout 3 *\/\r\n\/* border *\/\r\n#slider-pro-3-188 .sp-selected-thumbnail {\r\n\tborder: 4px solid #000000;\r\n}\r\n\r\n\/* font + color *\/\r\n.title-in  {\r\n\tfont-family: Arial !important;\r\n\tcolor: #FFFFFF !important;\r\n\tbackground-color: #000000 !important;\r\n\topacity: 0.7 !important;\r\n}\r\n.desc-in  {\r\n\tfont-family: Arial !important;\r\n\tcolor: #FFFFFF !important;\r\n\tbackground-color: #00000 !important;\r\n\topacity: 0.7 !important;\r\n}\r\n\r\n\/* bullets color *\/\r\n.sp-button  {\r\n\tborder: 2px solid #000000 !important;\r\n}\r\n.sp-selected-button  {\r\n\tbackground-color: #000000 !important;\r\n}\r\n\r\n\/* pointer color - bottom *\/\r\n.sp-selected-thumbnail::before {\r\n\tborder-bottom: 5px solid #000000 !important;\r\n}\r\n.sp-selected-thumbnail::after {\r\n\tborder-bottom: 13px solid #000000 !important;\r\n}\r\n\r\n\/* pointer color - top *\/\r\n\r\n\/* full screen icon *\/\r\n.sp-full-screen-button::before {\r\n    color: #FFFFFF !important;\r\n}\r\n\r\n\/* hover navigation icon color *\/\r\n.sp-next-arrow::after, .sp-next-arrow::before {\r\n\tbackground-color: #FFFFFF !important;\r\n}\r\n.sp-previous-arrow::after, .sp-previous-arrow::before {\r\n\tbackground-color: #FFFFFF !important;\r\n}\r\n\r\n#slider-pro-3-188 .title-in {\r\n\tcolor: #FFFFFF !important;\r\n\tfont-weight: bolder;\r\n\ttext-align: center;\r\n}\r\n\r\n#slider-pro-3-188 .title-in-bg {\r\n\tbackground: rgba(255, 255, 255, 0.7); !important;\r\n\twhite-space: unset !important;\r\n\ttransform: initial !important;\r\n\t-webkit-transform: initial !important;\r\n\tfont-size: 14px !important;\r\n}\r\n\r\n#slider-pro-3-188 .desc-in {\r\n\tcolor: #FFFFFF !important;\r\n\ttext-align: center;\r\n}\r\n#slider-pro-3-188 .desc-in-bg {\r\n\tbackground: rgba(#00000, 0.7) !important;\r\n\twhite-space: unset !important;\r\n\ttransform: initial !important;\r\n\t-webkit-transform: initial !important;\r\n\tfont-size: 13px !important;\r\n}\r\n\r\n@media (max-width: 640px) {\r\n\t#slider-pro-3-188 .hide-small-screen {\r\n\t\tdisplay: none;\r\n\t}\r\n}\r\n\r\n@media (max-width: 860px) {\r\n\t#slider-pro-3-188 .sp-layer {\r\n\t\tfont-size: 18px;\r\n\t}\r\n\t\r\n\t#slider-pro-3-188 .hide-medium-screen {\r\n\t\tdisplay: none;\r\n\t}\r\n}\r\n.slides-not-found {\r\n\tbackground-color: #a92929;\r\n\tborder-radius: 5px;\r\n\tcolor: #fff;\r\n\tfont-family: initial;\r\n\ttext-align: center;\r\n\tpadding:12px;\r\n}\r\n\/* Custom CSS *\/\r\n<\/style>\r\n\n\n\n\n<p><\/p>\n\n\n\n<script type=\"text\/javascript\">\r\ndocument.addEventListener(\"DOMContentLoaded\", function(event) { \r\n\tjQuery( '#slider-pro-3-109' ).sliderPro({\r\n\t\t\/\/width\r\n\t\t\t\twidth: 1000,\r\n\t\t\t\t\r\n\t\t\/\/height\r\n\t\t\t\theight: 500,\r\n\t\t\t\t\r\n\t\t\/\/auto play\r\n\t\t\t\tautoplay:  true,\r\n\t\tautoplayOnHover: 'none',\r\n\t\t\t\t\t\t\t\tautoplayDelay: 5000,\r\n\t\t\r\n\t\t\r\n\t\tarrows: true,\r\n\t\tbuttons: false,\r\n\t\tsmallSize: 500,\r\n\t\tmediumSize: 1000,\r\n\t\tlargeSize: 3000,\r\n\t\tfade: true,\r\n\t\t\r\n\t\t\/\/thumbnail\r\n\t\tthumbnailArrows: true,\r\n\t\tthumbnailWidth: 60,\r\n\t\tthumbnailHeight: 60,\r\n\t\t\t\tthumbnailsPosition: 'top',\r\n\t\t\t\t\t\t\t\tcenterImage: true,\r\n\t\timageScaleMode: 'contain',\r\n\t\tallowScaleUp: true,\r\n\t\t\t\tstartSlide: 0,\r\n\t\tloop: true,\r\n\t\tslideDistance: 5,\r\n\t\tautoplayDirection: 'normal',\r\n\t\ttouchSwipe: true,\r\n\t\tfullScreen: true,\r\n\t});\r\n});\r\n<\/script>\r\n\r\n\t\t<div id=\"slider-pro-3-109\" class=\"slider-pro\">\r\n\t\t\t<!---- slides div start ---->\r\n\t\t\t<div class=\"sp-slides\">\r\n\t\t\t\t\t\t\t\t\t\t<div class=\"sp-slide\">\r\n\t\t\t\t\t\t\t<img decoding=\"async\" class=\"sp-image\" loading=\"lazy\" alt=\"ARL PerformX\" src=\"https:\/\/simarsrl.com\/wp-content\/plugins\/ultimate-responsive-image-slider\/assets\/css\/images\/blank.gif\" data-src=\"https:\/\/simarsrl.com\/wp-content\/uploads\/2023\/07\/5-ARL-PerformX.jpg\" \/>\r\n\r\n\t\t\t\t\t\t\t\r\n\t\t\t\t\t\t\t\t\t\t\t\t\t<\/div>\r\n\t\t\t\t\t\t\t\t\t\t\t\t<div class=\"sp-slide\">\r\n\t\t\t\t\t\t\t<img decoding=\"async\" class=\"sp-image\" loading=\"lazy\" alt=\"ARL iSpark 8860\" src=\"https:\/\/simarsrl.com\/wp-content\/plugins\/ultimate-responsive-image-slider\/assets\/css\/images\/blank.gif\" data-src=\"https:\/\/simarsrl.com\/wp-content\/uploads\/2023\/07\/2A-ARL-iSpark-8860.jpg\" \/>\r\n\r\n\t\t\t\t\t\t\t\r\n\t\t\t\t\t\t\t\t\t\t\t\t\t<\/div>\r\n\t\t\t\t\t\t\t\t\t\t\t\t<div class=\"sp-slide\">\r\n\t\t\t\t\t\t\t<img decoding=\"async\" class=\"sp-image\" loading=\"lazy\" alt=\"ARL OPTIMX\" src=\"https:\/\/simarsrl.com\/wp-content\/plugins\/ultimate-responsive-image-slider\/assets\/css\/images\/blank.gif\" data-src=\"https:\/\/simarsrl.com\/wp-content\/uploads\/2023\/07\/4-ARL-OPTIMX.jpg\" \/>\r\n\r\n\t\t\t\t\t\t\t\r\n\t\t\t\t\t\t\t\t\t\t\t\t\t<\/div>\r\n\t\t\t\t\t\t\t\t\t\t\t\t<div class=\"sp-slide\">\r\n\t\t\t\t\t\t\t<img decoding=\"async\" class=\"sp-image\" loading=\"lazy\" alt=\"ARL iSpark 8820\" src=\"https:\/\/simarsrl.com\/wp-content\/plugins\/ultimate-responsive-image-slider\/assets\/css\/images\/blank.gif\" data-src=\"https:\/\/simarsrl.com\/wp-content\/uploads\/2023\/07\/2-ARL-iSpark-8820.jpg\" \/>\r\n\r\n\t\t\t\t\t\t\t\r\n\t\t\t\t\t\t\t\t\t\t\t\t\t<\/div>\r\n\t\t\t\t\t\t\t\t\t\t\t\t<div class=\"sp-slide\">\r\n\t\t\t\t\t\t\t<img decoding=\"async\" class=\"sp-image\" loading=\"lazy\" alt=\"ARL QuantX\" src=\"https:\/\/simarsrl.com\/wp-content\/plugins\/ultimate-responsive-image-slider\/assets\/css\/images\/blank.gif\" data-src=\"https:\/\/simarsrl.com\/wp-content\/uploads\/2023\/07\/3-ARL-QuantX.jpg\" \/>\r\n\r\n\t\t\t\t\t\t\t\r\n\t\t\t\t\t\t\t\t\t\t\t\t\t<\/div>\r\n\t\t\t\t\t\t\t\t\t\t\t\t<div class=\"sp-slide\">\r\n\t\t\t\t\t\t\t<img decoding=\"async\" class=\"sp-image\" loading=\"lazy\" alt=\"ARL EasySpark\" src=\"https:\/\/simarsrl.com\/wp-content\/plugins\/ultimate-responsive-image-slider\/assets\/css\/images\/blank.gif\" data-src=\"https:\/\/simarsrl.com\/wp-content\/uploads\/2023\/07\/1-ARL-EasySpark.jpg\" \/>\r\n\r\n\t\t\t\t\t\t\t\r\n\t\t\t\t\t\t\t\t\t\t\t\t\t<\/div>\r\n\t\t\t\t\t\t\t\t\t\t\t\t<div class=\"sp-slide\">\r\n\t\t\t\t\t\t\t<img decoding=\"async\" class=\"sp-image\" loading=\"lazy\" alt=\"ARL EQUINOX 100\" src=\"https:\/\/simarsrl.com\/wp-content\/plugins\/ultimate-responsive-image-slider\/assets\/css\/images\/blank.gif\" data-src=\"https:\/\/simarsrl.com\/wp-content\/uploads\/2023\/07\/7-ARL-EQUINOX-100.jpg\" \/>\r\n\r\n\t\t\t\t\t\t\t\r\n\t\t\t\t\t\t\t\t\t\t\t\t\t<\/div>\r\n\t\t\t\t\t\t\t\t\t\t\t\t<div class=\"sp-slide\">\r\n\t\t\t\t\t\t\t<img decoding=\"async\" class=\"sp-image\" loading=\"lazy\" alt=\"ARL 9900\" src=\"https:\/\/simarsrl.com\/wp-content\/plugins\/ultimate-responsive-image-slider\/assets\/css\/images\/blank.gif\" data-src=\"https:\/\/simarsrl.com\/wp-content\/uploads\/2023\/07\/6-ARL-9900.jpg\" \/>\r\n\r\n\t\t\t\t\t\t\t\r\n\t\t\t\t\t\t\t\t\t\t\t\t\t<\/div>\r\n\t\t\t\t\t\t\t\t\t\t\t\t<div class=\"sp-slide\">\r\n\t\t\t\t\t\t\t<img decoding=\"async\" class=\"sp-image\" loading=\"lazy\" alt=\"Simar Analytical\" src=\"https:\/\/simarsrl.com\/wp-content\/plugins\/ultimate-responsive-image-slider\/assets\/css\/images\/blank.gif\" data-src=\"https:\/\/simarsrl.com\/wp-content\/uploads\/2022\/08\/cropped-Logo-Simar-quadrato.png\" \/>\r\n\r\n\t\t\t\t\t\t\t\r\n\t\t\t\t\t\t\t\t\t\t\t\t\t<\/div>\r\n\t\t\t\t\t\t\t\t\t<\/div>\r\n\t\t\t\r\n\t\t\t<!---- slides div end ---->\r\n\t\t\t\t\t\t<!-- slides thumbnails div start -->\r\n\t\t\t<div class=\"sp-thumbnails\">\r\n\t\t\t\t\t\t\t\t\t\t<img decoding=\"async\" class=\"sp-thumbnail\" loading=\"lazy\" src=\"https:\/\/simarsrl.com\/wp-content\/plugins\/ultimate-responsive-image-slider\/assets\/img\/loading.gif\" data-src=\"https:\/\/simarsrl.com\/wp-content\/uploads\/2023\/07\/5-ARL-PerformX-204x300.jpg\" alt=\"ARL PerformX\"\/>\r\n\t\t\t\t\t\t\t\t\t\t\t<img decoding=\"async\" class=\"sp-thumbnail\" loading=\"lazy\" src=\"https:\/\/simarsrl.com\/wp-content\/plugins\/ultimate-responsive-image-slider\/assets\/img\/loading.gif\" data-src=\"https:\/\/simarsrl.com\/wp-content\/uploads\/2023\/07\/2A-ARL-iSpark-8860.jpg\" alt=\"ARL iSpark 8860\"\/>\r\n\t\t\t\t\t\t\t\t\t\t\t<img decoding=\"async\" class=\"sp-thumbnail\" loading=\"lazy\" src=\"https:\/\/simarsrl.com\/wp-content\/plugins\/ultimate-responsive-image-slider\/assets\/img\/loading.gif\" data-src=\"https:\/\/simarsrl.com\/wp-content\/uploads\/2023\/07\/4-ARL-OPTIMX-240x300.jpg\" alt=\"ARL OPTIMX\"\/>\r\n\t\t\t\t\t\t\t\t\t\t\t<img decoding=\"async\" class=\"sp-thumbnail\" loading=\"lazy\" src=\"https:\/\/simarsrl.com\/wp-content\/plugins\/ultimate-responsive-image-slider\/assets\/img\/loading.gif\" data-src=\"https:\/\/simarsrl.com\/wp-content\/uploads\/2023\/07\/2-ARL-iSpark-8820-297x300.jpg\" alt=\"ARL iSpark 8820\"\/>\r\n\t\t\t\t\t\t\t\t\t\t\t<img decoding=\"async\" class=\"sp-thumbnail\" loading=\"lazy\" src=\"https:\/\/simarsrl.com\/wp-content\/plugins\/ultimate-responsive-image-slider\/assets\/img\/loading.gif\" data-src=\"https:\/\/simarsrl.com\/wp-content\/uploads\/2023\/07\/3-ARL-QuantX-300x300.jpg\" alt=\"ARL QuantX\"\/>\r\n\t\t\t\t\t\t\t\t\t\t\t<img decoding=\"async\" class=\"sp-thumbnail\" loading=\"lazy\" src=\"https:\/\/simarsrl.com\/wp-content\/plugins\/ultimate-responsive-image-slider\/assets\/img\/loading.gif\" data-src=\"https:\/\/simarsrl.com\/wp-content\/uploads\/2023\/07\/1-ARL-EasySpark-300x200.jpg\" alt=\"ARL EasySpark\"\/>\r\n\t\t\t\t\t\t\t\t\t\t\t<img decoding=\"async\" class=\"sp-thumbnail\" loading=\"lazy\" src=\"https:\/\/simarsrl.com\/wp-content\/plugins\/ultimate-responsive-image-slider\/assets\/img\/loading.gif\" data-src=\"https:\/\/simarsrl.com\/wp-content\/uploads\/2023\/07\/7-ARL-EQUINOX-100-300x252.jpg\" alt=\"ARL EQUINOX 100\"\/>\r\n\t\t\t\t\t\t\t\t\t\t\t<img decoding=\"async\" class=\"sp-thumbnail\" loading=\"lazy\" src=\"https:\/\/simarsrl.com\/wp-content\/plugins\/ultimate-responsive-image-slider\/assets\/img\/loading.gif\" data-src=\"https:\/\/simarsrl.com\/wp-content\/uploads\/2023\/07\/6-ARL-9900-243x300.jpg\" alt=\"ARL 9900\"\/>\r\n\t\t\t\t\t\t\t\t\t\t\t<img decoding=\"async\" class=\"sp-thumbnail\" loading=\"lazy\" src=\"https:\/\/simarsrl.com\/wp-content\/plugins\/ultimate-responsive-image-slider\/assets\/img\/loading.gif\" data-src=\"https:\/\/simarsrl.com\/wp-content\/uploads\/2022\/08\/cropped-Logo-Simar-quadrato.png\" alt=\"Simar Analytical\"\/>\r\n\t\t\t\t\t\t\t\t<\/div>\r\n\t\t\t\t\t\t<!-- slides thumbnails div end -->\r\n\t\t<\/div>\r\n\t\t<style>\r\n\/* Layout 3 *\/\r\n\/* border *\/\r\n#slider-pro-3-109 .sp-selected-thumbnail {\r\n\tborder: 4px solid #1c5f92;\r\n}\r\n\r\n\/* font + color *\/\r\n.title-in  {\r\n\tfont-family: Arial !important;\r\n\tcolor: #FFFFFF !important;\r\n\tbackground-color: #1c5f92 !important;\r\n\topacity: 0.7 !important;\r\n}\r\n.desc-in  {\r\n\tfont-family: Arial !important;\r\n\tcolor: #FFFFFF !important;\r\n\tbackground-color: #00000 !important;\r\n\topacity: 0.7 !important;\r\n}\r\n\r\n\/* bullets color *\/\r\n.sp-button  {\r\n\tborder: 2px solid #1c5f92 !important;\r\n}\r\n.sp-selected-button  {\r\n\tbackground-color: #1c5f92 !important;\r\n}\r\n\r\n\/* pointer color - bottom *\/\r\n\r\n\/* pointer color - top *\/\r\n\r\n.sp-top-thumbnails.sp-has-pointer .sp-selected-thumbnail::before {\r\n    border-bottom: 5px solid #1c5f92;\r\n}\r\n.sp-top-thumbnails.sp-has-pointer .sp-selected-thumbnail::after {\r\n    border-top: 13px solid #1c5f92 !important;\r\n}\r\n\r\n\/* full screen icon *\/\r\n.sp-full-screen-button::before {\r\n    color: #1c5f92 !important;\r\n}\r\n\r\n\/* hover navigation icon color *\/\r\n.sp-next-arrow::after, .sp-next-arrow::before {\r\n\tbackground-color: #1c5f92 !important;\r\n}\r\n.sp-previous-arrow::after, .sp-previous-arrow::before {\r\n\tbackground-color: #1c5f92 !important;\r\n}\r\n\r\n#slider-pro-3-109 .title-in {\r\n\tcolor: #FFFFFF !important;\r\n\tfont-weight: bolder;\r\n\ttext-align: center;\r\n}\r\n\r\n#slider-pro-3-109 .title-in-bg {\r\n\tbackground: rgba(255, 255, 255, 0.7); !important;\r\n\twhite-space: unset !important;\r\n\ttransform: initial !important;\r\n\t-webkit-transform: initial !important;\r\n\tfont-size: 14px !important;\r\n}\r\n\r\n#slider-pro-3-109 .desc-in {\r\n\tcolor: #FFFFFF !important;\r\n\ttext-align: center;\r\n}\r\n#slider-pro-3-109 .desc-in-bg {\r\n\tbackground: rgba(#00000, 0.7) !important;\r\n\twhite-space: unset !important;\r\n\ttransform: initial !important;\r\n\t-webkit-transform: initial !important;\r\n\tfont-size: 13px !important;\r\n}\r\n\r\n@media (max-width: 640px) {\r\n\t#slider-pro-3-109 .hide-small-screen {\r\n\t\tdisplay: none;\r\n\t}\r\n}\r\n\r\n@media (max-width: 860px) {\r\n\t#slider-pro-3-109 .sp-layer {\r\n\t\tfont-size: 18px;\r\n\t}\r\n\t\r\n\t#slider-pro-3-109 .hide-medium-screen {\r\n\t\tdisplay: none;\r\n\t}\r\n}\r\n.slides-not-found {\r\n\tbackground-color: #a92929;\r\n\tborder-radius: 5px;\r\n\tcolor: #fff;\r\n\tfont-family: initial;\r\n\ttext-align: center;\r\n\tpadding:12px;\r\n}\r\n\/* Custom CSS *\/\r\n<\/style>\r\n\n\n\n\n<p><\/p>\n\n\n\n<p>THERMO FISHER \u00e8 il principale fornitore al mondo di strumentazione per l&#8217;analisi chimica mediante la tecnica di emissione ottica (<a href=\"http:\/\/hcjchof.cluster030.hosting.ovh.net\/wp-content\/uploads\/2024\/05\/BR41159-Optical-Emission-product-range-brochure-Print-EN.pdf\" data-type=\"attachment\" data-id=\"212\" target=\"_blank\" rel=\"noreferrer noopener\">OES<\/a>) o mediante la tecnica della fluorescenza a raggi X (<a href=\"http:\/\/hcjchof.cluster030.hosting.ovh.net\/wp-content\/uploads\/2024\/05\/XR-BR41137-x-ray-product-range.pdf\" data-type=\"attachment\" data-id=\"215\" target=\"_blank\" rel=\"noreferrer noopener\">XRF<\/a>). Costruisce strumenti affidabilissimi utilizzati per l\u2019analisi elementare dei materiali nell\u2019industria. I clienti che si affidato a Thermo Fisher puntano sulla qualit\u00e0 ed affidabilit\u00e0 e possono vantare di un risultato finale soddisfacente.<\/p>\n\n\n\n<div class=\"wp-block-media-text is-stacked-on-mobile\"><figure class=\"wp-block-media-text__media\"><img loading=\"lazy\" decoding=\"async\" width=\"564\" height=\"475\" src=\"http:\/\/hcjchof.cluster030.hosting.ovh.net\/wp-content\/uploads\/2024\/03\/immagine-sfondo.bmp\" alt=\"\" class=\"wp-image-139 size-full\" srcset=\"https:\/\/simarsrl.com\/wp-content\/uploads\/2024\/03\/immagine-sfondo.bmp 564w, https:\/\/simarsrl.com\/wp-content\/uploads\/2024\/03\/immagine-sfondo-300x253.jpg 300w\" sizes=\"auto, (max-width: 564px) 100vw, 564px\" \/><\/figure><div class=\"wp-block-media-text__content\">\n<p><strong>Analisi OES, <a href=\"http:\/\/hcjchof.cluster030.hosting.ovh.net\/wp-content\/uploads\/2024\/05\/TFS-Assets_CAD_brochures_ARL-X_TRA-brochure-BR41439-EN.pdf\" data-type=\"attachment\" data-id=\"214\" target=\"_blank\" rel=\"noreferrer noopener\">XRD<\/a> e XRF<\/strong><\/p>\n\n\n\n<div class=\"wp-block-group\"><div class=\"wp-block-group__inner-container is-layout-constrained wp-block-group-is-layout-constrained\">\n<p>Gli strumenti termoscientifici XRF, XRD e OES aiutano una vasta gamma di laboratori di analisi industriali e di ricerca a ottenere analisi qualitative e quantitative per il controllo di processo e di qualit\u00e0.<\/p>\n<\/div><\/div>\n<\/div><\/div>\n\n\n\n<div class=\"wp-block-group is-nowrap is-layout-flex wp-container-core-group-is-layout-ad2f72ca wp-block-group-is-layout-flex\">\n<div class=\"wp-block-group\"><div class=\"wp-block-group__inner-container is-layout-constrained wp-block-group-is-layout-constrained\">\n<p><strong>Il nostro impegno costante<\/strong><\/p>\n\n\n\n<p>I laboratori di ricerca, produzione e analisi di tutto il mondo si affidano a noi per analisi qualitative e quantitative rapide ed efficienti.&nbsp;I nostri strumenti innovativi e il nostro software intuitivo servono una vasta gamma di mercati industriali, educativi, ambientali e sanitari.&nbsp;Offriamo un portafoglio completo per la quantificazione e l&#8217;identificazione di specie elementari in tracce a livelli da ppm a sub-ppt oltre agli isotopi.&nbsp;Forniamo anche un&#8217;ampia gamma di strumenti da laboratorio e portatili che impiegano tecniche analitiche tra cui <strong>XRF<\/strong>, FTIR, NIR, spettroscopia Raman, IRMS, AAS, <strong>ICP-OES<\/strong>, ICP-MS e altro ancora.<\/p>\n\n\n\n<p>Dal controllo di processo e di qualit\u00e0 in laboratorio e in linea ai dati istantanei e fruibili sul campo, consentiamo un&#8217;analisi pi\u00f9 sicura e un migliore processo decisionale. Le esigenze del tuo Laboratorio sono la nostra priorit\u00e0 assoluta e abbiamo sviluppato servizi e software innovativi per ottimizzarne l&#8217;efficienza. Insieme al nostro software all&#8217;avanguardia per gli operatori, offriamo e garantiamo una qualit\u00e0 del servizio che assicura ai nostri clienti la possibilit\u00e0 di massimizzare il valore della loro qualit\u00e0 in ogni momento.<\/p>\n\n\n\n<p>Dall\u2019impeccabile Servizio di Assistenza Clienti e Service fino all&#8217;Assistenza Tecnica finale affidata alla Simar Analytical Srl per la linea OES e XRF, ci prendiamo cura di te, affinch\u00e9 tu possa disporre del tempo necessario per affidarti alla qualit\u00e0 e prenderti cura dei tuoi clienti.<\/p>\n\n\n\n<p><strong><a href=\"http:\/\/hcjchof.cluster030.hosting.ovh.net\/wp-content\/uploads\/2024\/05\/Service-Thermo.pdf\" data-type=\"attachment\" data-id=\"213\" target=\"_blank\" rel=\"noreferrer noopener\">Assistenza Tecnica personalizzata<\/a><\/strong><\/p>\n\n\n\n<p>Siamo a disposizione ogni giorno dei i Ns clienti, affinch\u00e9 abbiano l\u2019adeguata e costante assistenza tecnica in caso di bisogno. La Nostra esperienza maturata nel settore ci contraddistingue sul mercato. I nostri tecnici in costante aggiornamento, seguendo un percorso iniziale di affiancamento talvolta di 1\/2 anni, seguono successivamente corsi di approfondimento presso la casa Madre Thermo di altissimo livello per raggiungere una preparazione d\u2019intervento d\u2019\u00e9lite. Il tutto garantisce un eccellente assistenza tecnica a cui i nostri clienti possono vantare. La nostra preparazione pertanto offre un servizio d\u2019eccellenza. I clienti Thermo Fisher Scientific possono vantare di un servizio di assistenza tecnica con personale altamente qualificato.<\/p>\n\n\n\n<p>Partner commerciale della <a href=\"https:\/\/www.thermofisher.com\/it\/en\/home.html\" target=\"_blank\" rel=\"noreferrer noopener\"><img loading=\"lazy\" decoding=\"async\" width=\"150\" height=\"32\" class=\"wp-image-61\" style=\"width: 150px;\" src=\"http:\/\/hcjchof.cluster030.hosting.ovh.net\/wp-content\/uploads\/2022\/08\/Thermo-logo-color.png\" alt=\"thermo Fisher Scientific\"><\/a> <br><br><\/p>\n<\/div><\/div>\n<\/div>\n","protected":false},"excerpt":{"rendered":"<p>THERMO FISHER \u00e8 il principale fornitore al mondo di strumentazione per l&#8217;analisi chimica mediante la tecnica di emissione ottica (OES) o mediante la tecnica della fluorescenza a raggi X (XRF). Costruisce strumenti affidabilissimi utilizzati per l\u2019analisi elementare dei materiali nell\u2019industria. I clienti che si affidato a Thermo Fisher puntano sulla qualit\u00e0 ed affidabilit\u00e0 e possono &hellip; <a href=\"https:\/\/simarsrl.com\/?p=109\" class=\"more-link\">Continua la lettura di <span class=\"screen-reader-text\">Simar Analytical<\/span> <span class=\"meta-nav\">&rarr;<\/span><\/a><\/p>\n","protected":false},"author":1,"featured_media":0,"parent":0,"menu_order":0,"comment_status":"closed","ping_status":"closed","template":"","meta":{"footnotes":""},"class_list":["post-121","page","type-page","status-publish","hentry"],"_links":{"self":[{"href":"https:\/\/simarsrl.com\/index.php\/wp-json\/wp\/v2\/pages\/121","targetHints":{"allow":["GET"]}}],"collection":[{"href":"https:\/\/simarsrl.com\/index.php\/wp-json\/wp\/v2\/pages"}],"about":[{"href":"https:\/\/simarsrl.com\/index.php\/wp-json\/wp\/v2\/types\/page"}],"author":[{"embeddable":true,"href":"https:\/\/simarsrl.com\/index.php\/wp-json\/wp\/v2\/users\/1"}],"replies":[{"embeddable":true,"href":"https:\/\/simarsrl.com\/index.php\/wp-json\/wp\/v2\/comments?post=121"}],"version-history":[{"count":14,"href":"https:\/\/simarsrl.com\/index.php\/wp-json\/wp\/v2\/pages\/121\/revisions"}],"predecessor-version":[{"id":217,"href":"https:\/\/simarsrl.com\/index.php\/wp-json\/wp\/v2\/pages\/121\/revisions\/217"}],"wp:attachment":[{"href":"https:\/\/simarsrl.com\/index.php\/wp-json\/wp\/v2\/media?parent=121"}],"curies":[{"name":"wp","href":"https:\/\/api.w.org\/{rel}","templated":true}]}}